{"id":10086,"date":"2024-02-12T23:12:10","date_gmt":"2024-02-12T22:12:10","guid":{"rendered":"https:\/\/www.sackgut.com\/richiesta\/"},"modified":"2024-05-23T22:22:24","modified_gmt":"2024-05-23T20:22:24","slug":"richiesta","status":"publish","type":"page","link":"https:\/\/www.sackgut.com\/it\/richiesta\/","title":{"rendered":"Richiesta"},"content":{"rendered":"<p>[et_pb_section fb_built=&#8221;1&#8243; admin_label=&#8221;Service&#8221; _builder_version=&#8221;4.17.4&#8243; _module_preset=&#8221;default&#8221; background_color=&#8221;#F3EEE8&#8243; locked=&#8221;off&#8221; collapsed=&#8221;on&#8221; global_colors_info=&#8221;{}&#8221;][et_pb_row column_structure=&#8221;1_2,1_2&#8243; _builder_version=&#8221;4.24.0&#8243; _module_preset=&#8221;default&#8221; z_index=&#8221;11&#8243; global_colors_info=&#8221;{}&#8221;][et_pb_column type=&#8221;1_2&#8243; _builder_version=&#8221;4.17.4&#8243; _module_preset=&#8221;default&#8221; global_colors_info=&#8221;{}&#8221;][et_pb_text _builder_version=&#8221;4.24.0&#8243; _module_preset=&#8221;e6504a1b-67eb-4b3d-b023-bcab277610b6&#8243; link_font=&#8221;||||||||&#8221; link_text_color=&#8221;#AE8F73&#8243; header_4_font=&#8221;NEW ZEN BOLD|700|on|on|||||&#8221; header_4_text_color=&#8221;#AE8F73&#8243; header_4_font_size=&#8221;20px&#8221; header_4_letter_spacing=&#8221;0.2em&#8221; header_4_line_height=&#8221;1.5em&#8221; custom_margin=&#8221;||0px||false|false&#8221; global_colors_info=&#8221;{}&#8221;]<\/p>\n<h4>veloce &amp; conveniente<\/h4>\n<p>[\/et_pb_text][et_pb_text _builder_version=&#8221;4.24.0&#8243; _module_preset=&#8221;b327cbe4-b1d5-4b66-ad37-40c8f2f061ba&#8221; header_2_font=&#8221;NEW ZEN BOLD|||on|||||&#8221; header_2_text_color=&#8221;#0d232d&#8221; header_2_font_size=&#8221;60px&#8221; header_2_line_height=&#8221;1.15em&#8221; header_2_font_size_tablet=&#8221;32px&#8221; header_2_font_size_phone=&#8221;20px&#8221; header_2_font_size_last_edited=&#8221;on|phone&#8221; global_colors_info=&#8221;{}&#8221;]<\/p>\n<h2>richiesta<\/h2>\n<p>[\/et_pb_text][\/et_pb_column][et_pb_column type=&#8221;1_2&#8243; _builder_version=&#8221;4.17.4&#8243; _module_preset=&#8221;default&#8221; global_colors_info=&#8221;{}&#8221;][\/et_pb_column][\/et_pb_row][et_pb_row _builder_version=&#8221;4.17.4&#8243; _module_preset=&#8221;default&#8221; global_colors_info=&#8221;{}&#8221;][et_pb_column type=&#8221;4_4&#8243; _builder_version=&#8221;4.17.4&#8243; _module_preset=&#8221;default&#8221; global_colors_info=&#8221;{}&#8221;][et_pb_contact_form email=&#8221;bauernhofsackgut@gmail.com&#8221; custom_message=&#8221;***Anfrage \u00fcber das Kontaktformular auf der Kontaktseite der Webseite||et_pb_line_break_holder||||et_pb_line_break_holder||||et_pb_line_break_holder||Vorname: %%Vorname%%||et_pb_line_break_holder||Nachname: %%Nachname%%||et_pb_line_break_holder||||et_pb_line_break_holder||Email: %%Email%%||et_pb_line_break_holder||Telefonnummer: %%Telefonnummer%%||et_pb_line_break_holder||||et_pb_line_break_holder||Anreise: %%Anreise%%||et_pb_line_break_holder||Abreise: %%Abreise%%||et_pb_line_break_holder||||et_pb_line_break_holder||Anzahl Erwachsene: %%Anzahl_Erwachsene%%||et_pb_line_break_holder||Anzahl Kinder: %%Anzahl_Kinder%%||et_pb_line_break_holder||Alter Kinder: ||et_pb_line_break_holder||Kind 1: %%Alter_Kind_1%% Jahre||et_pb_line_break_holder||Kind 2: %%Alter_Kind_2%% Jahre||et_pb_line_break_holder||Kind 3: %%Alter_Kind_3%% Jahre||et_pb_line_break_holder||Kind 4: %%Alter_Kind_4%% Jahre||et_pb_line_break_holder||||et_pb_line_break_holder||||et_pb_line_break_holder||Haustier: %%Haustier%%||et_pb_line_break_holder||Fr\u00fchst\u00fcckskorb: %%Korb%%||et_pb_line_break_holder||||et_pb_line_break_holder||||et_pb_line_break_holder||Gew\u00fcnschte Sprache: %%Sprache%%||et_pb_line_break_holder||Gew\u00fcnschte Wohnung: %%Wohnung%%||et_pb_line_break_holder||||et_pb_line_break_holder||Mitteilung: %%Message%%||et_pb_line_break_holder||||et_pb_line_break_holder||||et_pb_line_break_holder||%%Nutzungsbedingungen%% : Zugestimmt&#8221; success_message=&#8221;&lt;p&gt;Grazie per la sua richiesta. Vi ricontatteremo al pi\u00f9 presto.&lt;\/p&gt;&lt;p&gt;Buoni saluti, la famiglia Wielander&lt;\/p&gt;&lt;p&gt;Sackgut &#8211; agriturismo&lt;\/p&gt;&#8221; _builder_version=&#8221;4.24.3&#8243; _module_preset=&#8221;default&#8221; _unique_id=&#8221;89e3d718-56cd-4cbc-82fd-c610cd1355dc&#8221; form_field_background_color=&#8221;#FFFFFF&#8221; form_field_text_color=&#8221;#000000&#8243; custom_button=&#8221;on&#8221; button_text_size=&#8221;13px&#8221; button_border_radius=&#8221;0px&#8221; button_letter_spacing=&#8221;2px&#8221; button_font=&#8221;Source Sans Pro|700||on|||||&#8221; button_use_icon=&#8221;off&#8221; hover_enabled=&#8221;0&#8243; locked=&#8221;off&#8221; global_colors_info=&#8221;{}&#8221; sticky_enabled=&#8221;0&#8243;][et_pb_contact_field field_id=&#8221;Vorname&#8221; field_title=&#8221;Nome&#8221; _builder_version=&#8221;4.24.2&#8243; global_colors_info=&#8221;{}&#8221; button_text_size__hover_enabled=&#8221;off&#8221; button_one_text_size__hover_enabled=&#8221;off&#8221; button_two_text_size__hover_enabled=&#8221;off&#8221; button_text_color__hover_enabled=&#8221;off&#8221; button_one_text_color__hover_enabled=&#8221;off&#8221; button_two_text_color__hover_enabled=&#8221;off&#8221; button_border_width__hover_enabled=&#8221;off&#8221; button_one_border_width__hover_enabled=&#8221;off&#8221; button_two_border_width__hover_enabled=&#8221;off&#8221; button_border_color__hover_enabled=&#8221;off&#8221; button_one_border_color__hover_enabled=&#8221;off&#8221; button_two_border_color__hover_enabled=&#8221;off&#8221; button_border_radius__hover_enabled=&#8221;off&#8221; button_one_border_radius__hover_enabled=&#8221;off&#8221; button_two_border_radius__hover_enabled=&#8221;off&#8221; button_letter_spacing__hover_enabled=&#8221;off&#8221; button_one_letter_spacing__hover_enabled=&#8221;off&#8221; button_two_letter_spacing__hover_enabled=&#8221;off&#8221; button_bg_color__hover_enabled=&#8221;off&#8221; button_one_bg_color__hover_enabled=&#8221;off&#8221; button_two_bg_color__hover_enabled=&#8221;off&#8221;][\/et_pb_contact_field][et_pb_contact_field field_id=&#8221;Nachname&#8221; field_title=&#8221;Cognome&#8221; _builder_version=&#8221;4.21.0&#8243; global_colors_info=&#8221;{}&#8221; button_text_size__hover_enabled=&#8221;off&#8221; button_one_text_size__hover_enabled=&#8221;off&#8221; button_two_text_size__hover_enabled=&#8221;off&#8221; button_text_color__hover_enabled=&#8221;off&#8221; button_one_text_color__hover_enabled=&#8221;off&#8221; button_two_text_color__hover_enabled=&#8221;off&#8221; button_border_width__hover_enabled=&#8221;off&#8221; button_one_border_width__hover_enabled=&#8221;off&#8221; button_two_border_width__hover_enabled=&#8221;off&#8221; button_border_color__hover_enabled=&#8221;off&#8221; button_one_border_color__hover_enabled=&#8221;off&#8221; button_two_border_color__hover_enabled=&#8221;off&#8221; button_border_radius__hover_enabled=&#8221;off&#8221; button_one_border_radius__hover_enabled=&#8221;off&#8221; button_two_border_radius__hover_enabled=&#8221;off&#8221; button_letter_spacing__hover_enabled=&#8221;off&#8221; button_one_letter_spacing__hover_enabled=&#8221;off&#8221; button_two_letter_spacing__hover_enabled=&#8221;off&#8221; button_bg_color__hover_enabled=&#8221;off&#8221; button_one_bg_color__hover_enabled=&#8221;off&#8221; button_two_bg_color__hover_enabled=&#8221;off&#8221;][\/et_pb_contact_field][et_pb_contact_field field_id=&#8221;Email&#8221; field_title=&#8221;Indirizzo e-mail&#8221; field_type=&#8221;email&#8221; _builder_version=&#8221;4.16&#8243; global_colors_info=&#8221;{}&#8221; button_text_size__hover_enabled=&#8221;off&#8221; button_one_text_size__hover_enabled=&#8221;off&#8221; button_two_text_size__hover_enabled=&#8221;off&#8221; button_text_color__hover_enabled=&#8221;off&#8221; button_one_text_color__hover_enabled=&#8221;off&#8221; button_two_text_color__hover_enabled=&#8221;off&#8221; button_border_width__hover_enabled=&#8221;off&#8221; button_one_border_width__hover_enabled=&#8221;off&#8221; button_two_border_width__hover_enabled=&#8221;off&#8221; button_border_color__hover_enabled=&#8221;off&#8221; button_one_border_color__hover_enabled=&#8221;off&#8221; button_two_border_color__hover_enabled=&#8221;off&#8221; button_border_radius__hover_enabled=&#8221;off&#8221; button_one_border_radius__hover_enabled=&#8221;off&#8221; button_two_border_radius__hover_enabled=&#8221;off&#8221; button_letter_spacing__hover_enabled=&#8221;off&#8221; button_one_letter_spacing__hover_enabled=&#8221;off&#8221; button_two_letter_spacing__hover_enabled=&#8221;off&#8221; button_bg_color__hover_enabled=&#8221;off&#8221; button_one_bg_color__hover_enabled=&#8221;off&#8221; button_two_bg_color__hover_enabled=&#8221;off&#8221;][\/et_pb_contact_field][et_pb_contact_field field_id=&#8221;Telefonnummer&#8221; field_title=&#8221;Telefono&#8221; _builder_version=&#8221;4.24.2&#8243; _module_preset=&#8221;default&#8221; global_colors_info=&#8221;{}&#8221;][\/et_pb_contact_field][et_pb_contact_field field_id=&#8221;Anreise&#8221; field_title=&#8221;Arrivo&#8221; _builder_version=&#8221;4.21.0&#8243; _module_preset=&#8221;default&#8221; use_datetime=&#8221;on&#8221; datetime_type=&#8221;date&#8221; datetime_week_start=&#8221;Monday&#8221; datetime_disabled_week_days=&#8221;off|off|off|off|off|off|off&#8221; global_colors_info=&#8221;{}&#8221;][\/et_pb_contact_field][et_pb_contact_field field_id=&#8221;Abreise&#8221; field_title=&#8221;Partenza&#8221; _builder_version=&#8221;4.21.0&#8243; _module_preset=&#8221;default&#8221; use_datetime=&#8221;on&#8221; datetime_type=&#8221;date&#8221; datetime_week_start=&#8221;Monday&#8221; datetime_disabled_week_days=&#8221;off|off|off|off|off|off|off&#8221; global_colors_info=&#8221;{}&#8221;][\/et_pb_contact_field][et_pb_contact_field field_id=&#8221;Anzahl_Erwachsene&#8221; field_title=&#8221;Adulti&#8221; field_type=&#8221;select&#8221; select_options=&#8221;%91{%22value%22:%221%22,%22checked%22:0,%22dragID%22:-1},{%22value%22:%222%22,%22checked%22:0,%22dragID%22:0},{%22value%22:%223%22,%22checked%22:0,%22dragID%22:1},{%22value%22:%224%22,%22checked%22:0,%22dragID%22:2}%93&#8243; _builder_version=&#8221;4.24.0&#8243; _module_preset=&#8221;default&#8221; global_colors_info=&#8221;{}&#8221;][\/et_pb_contact_field][et_pb_contact_field field_id=&#8221;Anzahl_Kinder&#8221; field_title=&#8221;Bambini&#8221; allowed_symbols=&#8221;numbers&#8221; _builder_version=&#8221;4.24.0&#8243; _module_preset=&#8221;default&#8221; global_colors_info=&#8221;{}&#8221;][\/et_pb_contact_field][et_pb_contact_field field_id=&#8221;Alter_Kind_1&#8243; field_title=&#8221;Et\u00e0 bambino 1&#8243; conditional_logic=&#8221;on&#8221; conditional_logic_rules=&#8221;%91{%22field%22:%22anzahl_kinder%22,%22condition%22:%22is greater%22,%22value%22:%220%22}%93&#8243; _builder_version=&#8221;4.23&#8243; _module_preset=&#8221;default&#8221; global_colors_info=&#8221;{}&#8221;][\/et_pb_contact_field][et_pb_contact_field field_id=&#8221;Alter_Kind_2&#8243; field_title=&#8221;Et\u00e0 bambino 2&#8243; conditional_logic=&#8221;on&#8221; conditional_logic_rules=&#8221;%91{%22field%22:%22anzahl_kinder%22,%22condition%22:%22is greater%22,%22value%22:%221%22}%93&#8243; _builder_version=&#8221;4.23&#8243; _module_preset=&#8221;default&#8221; global_colors_info=&#8221;{}&#8221;][\/et_pb_contact_field][et_pb_contact_field field_id=&#8221;Alter_Kind_3&#8243; field_title=&#8221;Et\u00e0 bambino 3&#8243; conditional_logic=&#8221;on&#8221; conditional_logic_rules=&#8221;%91{%22field%22:%22anzahl_kinder%22,%22condition%22:%22is greater%22,%22value%22:%222%22}%93&#8243; _builder_version=&#8221;4.23&#8243; _module_preset=&#8221;default&#8221; global_colors_info=&#8221;{}&#8221;][\/et_pb_contact_field][et_pb_contact_field field_id=&#8221;Alter_Kind_4&#8243; field_title=&#8221;Et\u00e0 bambino 4&#8243; conditional_logic=&#8221;on&#8221; conditional_logic_rules=&#8221;%91{%22field%22:%22anzahl_kinder%22,%22condition%22:%22is greater%22,%22value%22:%223%22}%93&#8243; _builder_version=&#8221;4.23&#8243; _module_preset=&#8221;default&#8221; global_colors_info=&#8221;{}&#8221;][\/et_pb_contact_field][et_pb_contact_field field_id=&#8221;Haustier&#8221; field_title=&#8221;Animale domestico&#8221; field_type=&#8221;checkbox&#8221; checkbox_options=&#8221;%91{%22value%22:%22SI%22,%22checked%22:0,%22dragID%22:-1},{%22value%22:%22NO%22,%22checked%22:0,%22dragID%22:0}%93&#8243; _builder_version=&#8221;4.24.2&#8243; _module_preset=&#8221;default&#8221; global_colors_info=&#8221;{}&#8221;][\/et_pb_contact_field][et_pb_contact_field field_id=&#8221;Korb&#8221; field_title=&#8221;CESTINO PER LA COLAZIONE&#8221; field_type=&#8221;checkbox&#8221; checkbox_options=&#8221;%91{%22value%22:%22SI%22,%22checked%22:0,%22dragID%22:-1},{%22value%22:%22NO%22,%22checked%22:0,%22dragID%22:0}%93&#8243; _builder_version=&#8221;4.24.0&#8243; _module_preset=&#8221;default&#8221; global_colors_info=&#8221;{}&#8221;][\/et_pb_contact_field][et_pb_contact_field field_id=&#8221;Sprache&#8221; field_title=&#8221;Lingua desiderata&#8221; field_type=&#8221;select&#8221; select_options=&#8221;%91{%22value%22:%22Tedesco%22,%22checked%22:0,%22dragID%22:-1},{%22value%22:%22Italiano%22,%22checked%22:0,%22dragID%22:0},{%22value%22:%22Inglese%22,%22checked%22:0,%22dragID%22:1}%93&#8243; _builder_version=&#8221;4.24.0&#8243; _module_preset=&#8221;default&#8221; global_colors_info=&#8221;{}&#8221;][\/et_pb_contact_field][et_pb_contact_field field_id=&#8221;Wohnung&#8221; field_title=&#8221;Tipo di camera&#8221; field_type=&#8221;select&#8221; select_options=&#8221;%91{%22value%22:%22Stark%22,%22checked%22:0,%22dragID%22:-1},{%22value%22:%22Golden%22,%22checked%22:0,%22dragID%22:0},{%22value%22:%22Gala%22,%22checked%22:0,%22dragID%22:1},{%22value%22:%22Pink Lady%22,%22checked%22:0,%22dragID%22:2}%93&#8243; _builder_version=&#8221;4.24.0&#8243; _module_preset=&#8221;default&#8221; global_colors_info=&#8221;{}&#8221;][\/et_pb_contact_field][et_pb_contact_field field_id=&#8221;Message&#8221; field_title=&#8221;Mesaggio&#8221; field_type=&#8221;text&#8221; fullwidth_field=&#8221;on&#8221; _builder_version=&#8221;4.16&#8243; global_colors_info=&#8221;{}&#8221; button_text_size__hover_enabled=&#8221;off&#8221; button_one_text_size__hover_enabled=&#8221;off&#8221; button_two_text_size__hover_enabled=&#8221;off&#8221; button_text_color__hover_enabled=&#8221;off&#8221; button_one_text_color__hover_enabled=&#8221;off&#8221; button_two_text_color__hover_enabled=&#8221;off&#8221; button_border_width__hover_enabled=&#8221;off&#8221; button_one_border_width__hover_enabled=&#8221;off&#8221; button_two_border_width__hover_enabled=&#8221;off&#8221; button_border_color__hover_enabled=&#8221;off&#8221; button_one_border_color__hover_enabled=&#8221;off&#8221; button_two_border_color__hover_enabled=&#8221;off&#8221; button_border_radius__hover_enabled=&#8221;off&#8221; button_one_border_radius__hover_enabled=&#8221;off&#8221; button_two_border_radius__hover_enabled=&#8221;off&#8221; button_letter_spacing__hover_enabled=&#8221;off&#8221; button_one_letter_spacing__hover_enabled=&#8221;off&#8221; button_two_letter_spacing__hover_enabled=&#8221;off&#8221; button_bg_color__hover_enabled=&#8221;off&#8221; button_one_bg_color__hover_enabled=&#8221;off&#8221; button_two_bg_color__hover_enabled=&#8221;off&#8221;][\/et_pb_contact_field][et_pb_contact_field field_id=&#8221;Nutzungsbedingungen&#8221; field_title=&#8221;Termini di utilizzo&#8221; field_type=&#8221;checkbox&#8221; checkbox_options=&#8221;%91{%22value%22:%22Accetto l&#039;informativa sulla privacy (Privacy Policy)%22,%22checked%22:0,%22dragID%22:-1,%22link_url%22:%22\\\/it\\\/privacy-policy\\\/%22}%93&#8243; _builder_version=&#8221;4.24.2&#8243; _module_preset=&#8221;default&#8221; global_colors_info=&#8221;{}&#8221;][\/et_pb_contact_field][\/et_pb_contact_form][\/et_pb_column][\/et_pb_row][\/et_pb_section]<\/p>\n","protected":false},"excerpt":{"rendered":"<p>veloce &amp; convenienterichiesta<\/p>\n","protected":false},"author":1,"featured_media":0,"parent":0,"menu_order":0,"comment_status":"closed","ping_status":"closed","template":"","meta":{"_et_pb_use_builder":"on","_et_pb_old_content":"","_et_gb_content_width":"","footnotes":""},"difl_page_category":[],"class_list":["post-10086","page","type-page","status-publish","hentry"],"yoast_head":"<!-- This site is optimized with the Yoast SEO plugin v26.5 - https:\/\/yoast.com\/wordpress\/plugins\/seo\/ -->\n<title>Richiesta - Sackgut<\/title>\n<meta name=\"robots\" content=\"index, follow, max-snippet:-1, max-image-preview:large, max-video-preview:-1\" \/>\n<link rel=\"canonical\" href=\"https:\/\/www.sackgut.com\/anfrage\/\" \/>\n<meta property=\"og:locale\" content=\"it_IT\" \/>\n<meta property=\"og:type\" content=\"article\" \/>\n<meta property=\"og:title\" content=\"Richiesta - Sackgut\" \/>\n<meta property=\"og:description\" content=\"veloce &amp; convenienterichiesta\" \/>\n<meta property=\"og:url\" content=\"https:\/\/www.sackgut.com\/anfrage\/\" \/>\n<meta property=\"og:site_name\" content=\"Sackgut\" \/>\n<meta property=\"article:publisher\" content=\"https:\/\/www.facebook.com\/sackgut\" \/>\n<meta property=\"article:modified_time\" content=\"2024-05-23T20:22:24+00:00\" \/>\n<meta property=\"og:image\" content=\"https:\/\/www.sackgut.com\/wp-content\/uploads\/2024\/02\/Sackgut-3.jpg\" \/>\n\t<meta property=\"og:image:width\" content=\"2000\" \/>\n\t<meta property=\"og:image:height\" content=\"1200\" \/>\n\t<meta property=\"og:image:type\" content=\"image\/jpeg\" \/>\n<meta name=\"twitter:card\" content=\"summary_large_image\" \/>\n<meta name=\"twitter:label1\" content=\"Tempo di lettura stimato\" \/>\n\t<meta name=\"twitter:data1\" content=\"9 minuti\" \/>\n<script type=\"application\/ld+json\" class=\"yoast-schema-graph\">{\"@context\":\"https:\/\/schema.org\",\"@graph\":[{\"@type\":\"WebPage\",\"@id\":\"https:\/\/www.sackgut.com\/anfrage\/\",\"url\":\"https:\/\/www.sackgut.com\/anfrage\/\",\"name\":\"Richiesta - Sackgut\",\"isPartOf\":{\"@id\":\"https:\/\/www.sackgut.com\/#website\"},\"datePublished\":\"2024-02-12T22:12:10+00:00\",\"dateModified\":\"2024-05-23T20:22:24+00:00\",\"breadcrumb\":{\"@id\":\"https:\/\/www.sackgut.com\/anfrage\/#breadcrumb\"},\"inLanguage\":\"it-IT\",\"potentialAction\":[{\"@type\":\"ReadAction\",\"target\":[\"https:\/\/www.sackgut.com\/anfrage\/\"]}]},{\"@type\":\"BreadcrumbList\",\"@id\":\"https:\/\/www.sackgut.com\/anfrage\/#breadcrumb\",\"itemListElement\":[{\"@type\":\"ListItem\",\"position\":1,\"name\":\"Startseite\",\"item\":\"https:\/\/www.sackgut.com\/\"},{\"@type\":\"ListItem\",\"position\":2,\"name\":\"Richiesta\"}]},{\"@type\":\"WebSite\",\"@id\":\"https:\/\/www.sackgut.com\/#website\",\"url\":\"https:\/\/www.sackgut.com\/\",\"name\":\"Sackgut\",\"description\":\"VACANZA IN AGRITURISMO IN VAL VENOSTA\",\"publisher\":{\"@id\":\"https:\/\/www.sackgut.com\/#organization\"},\"potentialAction\":[{\"@type\":\"SearchAction\",\"target\":{\"@type\":\"EntryPoint\",\"urlTemplate\":\"https:\/\/www.sackgut.com\/?s={search_term_string}\"},\"query-input\":{\"@type\":\"PropertyValueSpecification\",\"valueRequired\":true,\"valueName\":\"search_term_string\"}}],\"inLanguage\":\"it-IT\"},{\"@type\":\"Organization\",\"@id\":\"https:\/\/www.sackgut.com\/#organization\",\"name\":\"Sackgut\",\"url\":\"https:\/\/www.sackgut.com\/\",\"logo\":{\"@type\":\"ImageObject\",\"inLanguage\":\"it-IT\",\"@id\":\"https:\/\/www.sackgut.com\/#\/schema\/logo\/image\/\",\"url\":\"https:\/\/www.sackgut.com\/wp-content\/uploads\/2024\/02\/Sackgut-3.jpg\",\"contentUrl\":\"https:\/\/www.sackgut.com\/wp-content\/uploads\/2024\/02\/Sackgut-3.jpg\",\"width\":2000,\"height\":1200,\"caption\":\"Sackgut\"},\"image\":{\"@id\":\"https:\/\/www.sackgut.com\/#\/schema\/logo\/image\/\"},\"sameAs\":[\"https:\/\/www.facebook.com\/sackgut\"]}]}<\/script>\n<!-- \/ Yoast SEO plugin. -->","yoast_head_json":{"title":"Richiesta - Sackgut","robots":{"index":"index","follow":"follow","max-snippet":"max-snippet:-1","max-image-preview":"max-image-preview:large","max-video-preview":"max-video-preview:-1"},"canonical":"https:\/\/www.sackgut.com\/anfrage\/","og_locale":"it_IT","og_type":"article","og_title":"Richiesta - Sackgut","og_description":"veloce &amp; convenienterichiesta","og_url":"https:\/\/www.sackgut.com\/anfrage\/","og_site_name":"Sackgut","article_publisher":"https:\/\/www.facebook.com\/sackgut","article_modified_time":"2024-05-23T20:22:24+00:00","og_image":[{"width":2000,"height":1200,"url":"https:\/\/www.sackgut.com\/wp-content\/uploads\/2024\/02\/Sackgut-3.jpg","type":"image\/jpeg"}],"twitter_card":"summary_large_image","twitter_misc":{"Tempo di lettura stimato":"9 minuti"},"schema":{"@context":"https:\/\/schema.org","@graph":[{"@type":"WebPage","@id":"https:\/\/www.sackgut.com\/anfrage\/","url":"https:\/\/www.sackgut.com\/anfrage\/","name":"Richiesta - Sackgut","isPartOf":{"@id":"https:\/\/www.sackgut.com\/#website"},"datePublished":"2024-02-12T22:12:10+00:00","dateModified":"2024-05-23T20:22:24+00:00","breadcrumb":{"@id":"https:\/\/www.sackgut.com\/anfrage\/#breadcrumb"},"inLanguage":"it-IT","potentialAction":[{"@type":"ReadAction","target":["https:\/\/www.sackgut.com\/anfrage\/"]}]},{"@type":"BreadcrumbList","@id":"https:\/\/www.sackgut.com\/anfrage\/#breadcrumb","itemListElement":[{"@type":"ListItem","position":1,"name":"Startseite","item":"https:\/\/www.sackgut.com\/"},{"@type":"ListItem","position":2,"name":"Richiesta"}]},{"@type":"WebSite","@id":"https:\/\/www.sackgut.com\/#website","url":"https:\/\/www.sackgut.com\/","name":"Sackgut","description":"VACANZA IN AGRITURISMO IN VAL VENOSTA","publisher":{"@id":"https:\/\/www.sackgut.com\/#organization"},"potentialAction":[{"@type":"SearchAction","target":{"@type":"EntryPoint","urlTemplate":"https:\/\/www.sackgut.com\/?s={search_term_string}"},"query-input":{"@type":"PropertyValueSpecification","valueRequired":true,"valueName":"search_term_string"}}],"inLanguage":"it-IT"},{"@type":"Organization","@id":"https:\/\/www.sackgut.com\/#organization","name":"Sackgut","url":"https:\/\/www.sackgut.com\/","logo":{"@type":"ImageObject","inLanguage":"it-IT","@id":"https:\/\/www.sackgut.com\/#\/schema\/logo\/image\/","url":"https:\/\/www.sackgut.com\/wp-content\/uploads\/2024\/02\/Sackgut-3.jpg","contentUrl":"https:\/\/www.sackgut.com\/wp-content\/uploads\/2024\/02\/Sackgut-3.jpg","width":2000,"height":1200,"caption":"Sackgut"},"image":{"@id":"https:\/\/www.sackgut.com\/#\/schema\/logo\/image\/"},"sameAs":["https:\/\/www.facebook.com\/sackgut"]}]}},"_links":{"self":[{"href":"https:\/\/www.sackgut.com\/it\/wp-json\/wp\/v2\/pages\/10086","targetHints":{"allow":["GET"]}}],"collection":[{"href":"https:\/\/www.sackgut.com\/it\/wp-json\/wp\/v2\/pages"}],"about":[{"href":"https:\/\/www.sackgut.com\/it\/wp-json\/wp\/v2\/types\/page"}],"author":[{"embeddable":true,"href":"https:\/\/www.sackgut.com\/it\/wp-json\/wp\/v2\/users\/1"}],"replies":[{"embeddable":true,"href":"https:\/\/www.sackgut.com\/it\/wp-json\/wp\/v2\/comments?post=10086"}],"version-history":[{"count":2,"href":"https:\/\/www.sackgut.com\/it\/wp-json\/wp\/v2\/pages\/10086\/revisions"}],"predecessor-version":[{"id":10088,"href":"https:\/\/www.sackgut.com\/it\/wp-json\/wp\/v2\/pages\/10086\/revisions\/10088"}],"wp:attachment":[{"href":"https:\/\/www.sackgut.com\/it\/wp-json\/wp\/v2\/media?parent=10086"}],"wp:term":[{"taxonomy":"difl_page_category","embeddable":true,"href":"https:\/\/www.sackgut.com\/it\/wp-json\/wp\/v2\/difl_page_category?post=10086"}],"curies":[{"name":"wp","href":"https:\/\/api.w.org\/{rel}","templated":true}]}}